{"id":6894,"date":"2022-09-26T16:43:16","date_gmt":"2022-09-26T15:43:16","guid":{"rendered":"https:\/\/dhvillas-new.riviera.365villas.com\/jetzt-buchen\/"},"modified":"2026-04-10T12:15:22","modified_gmt":"2026-04-10T11:15:22","slug":"jetzt-buchen","status":"publish","type":"page","link":"https:\/\/dhvillas.com\/de\/jetzt-buchen\/","title":{"rendered":"Jetzt Buchen"},"content":{"rendered":"<p>[et_pb_section fb_built=&#8221;1&#8243; fullwidth=&#8221;on&#8221; _builder_version=&#8221;4.18.0&#8243; _module_preset=&#8221;default&#8221; global_colors_info=&#8221;{}&#8221;][et_pb_fullwidth_header title=&#8221;Aufenthalt Buchen&#8221; subhead=&#8221;\u00dcberpr\u00fcfen Sie die Verf\u00fcgbarkeit unserer Villen und stellen Sie eine Anfrage oder Buchung&#8221; text_orientation=&#8221;center&#8221; _builder_version=&#8221;4.19.5&#8243; _module_preset=&#8221;default&#8221; title_font=&#8221;|700|||||||&#8221; title_font_size=&#8221;55px&#8221; background_color=&#8221;#f7f7f7&#8243; background_enable_image=&#8221;off&#8221; background_layout=&#8221;light&#8221; custom_padding=&#8221;70px||0px||false|false&#8221; custom_padding_tablet=&#8221;75px||0px||false|false&#8221; custom_padding_phone=&#8221;50px||0px||false|true&#8221; custom_padding_last_edited=&#8221;on|phone&#8221; title_font_size_tablet=&#8221;50px&#8221; title_font_size_phone=&#8221;35px&#8221; title_font_size_last_edited=&#8221;on|tablet&#8221; subhead_font_size_tablet=&#8221;16px&#8221; subhead_font_size_phone=&#8221;16px&#8221; subhead_font_size_last_edited=&#8221;on|desktop&#8221; global_colors_info=&#8221;{}&#8221; header_font_size_tablet=&#8221;50px&#8221; header_font_size_phone=&#8221;35px&#8221; header_font_size_last_edited=&#8221;on|phone&#8221;][\/et_pb_fullwidth_header][\/et_pb_section][et_pb_section fb_built=&#8221;1&#8243; _builder_version=&#8221;4.19.5&#8243; _module_preset=&#8221;default&#8221; background_color=&#8221;#f7f7f7&#8243; custom_padding=&#8221;0px||10px||false|false&#8221; global_colors_info=&#8221;{}&#8221;][et_pb_row custom_padding_last_edited=&#8221;on|phone&#8221; _builder_version=&#8221;4.27.4&#8243; _module_preset=&#8221;default&#8221; width=&#8221;95%&#8221; width_tablet=&#8221;95%&#8221; width_phone=&#8221;90%&#8221; width_last_edited=&#8221;on|phone&#8221; custom_padding=&#8221;||75px||false|false&#8221; custom_padding_tablet=&#8221;||75px||false|false&#8221; custom_padding_phone=&#8221;||50px||false|false&#8221; border_color_bottom=&#8221;#CCCCCC&#8221; global_colors_info=&#8221;{}&#8221;][et_pb_column type=&#8221;4_4&#8243; _builder_version=&#8221;4.18.0&#8243; _module_preset=&#8221;default&#8221; global_colors_info=&#8221;{}&#8221;][et_pb_code admin_label=&#8221;Code&#8221; _builder_version=&#8221;4.27.4&#8243; _module_preset=&#8221;default&#8221; global_colors_info=&#8221;{}&#8221;][\/et_pb_code][et_pb_code _builder_version=&#8221;4.27.4&#8243; _module_preset=&#8221;default&#8221; hover_enabled=&#8221;0&#8243; locked=&#8221;off&#8221; global_colors_info=&#8221;{}&#8221; sticky_enabled=&#8221;0&#8243;]<div class=\"container\">\n\t<div class=\"row\">\n\t\t<div class=\"col-12\">\n\t\t\t<p>\n\t\t\t\t<a class=\"btn btn-primary _villas-365-property-button\" href=\"https:\/\/dhvillas.com\/villas\/\" role=\"button\">\n\t\t\t\t\t\t\t\t\t\t\tZur\u00fcck zu Suchseite\t\t\t\t\t\t\t\t\t<\/a>\n\t\t\t<\/p>\n\t\t<\/div>\n\t<\/div>\n<\/div>\n<!-- [et_pb_line_break_holder] -->\n<div class=\"booking-container\">\n\t\t<script>\n\t\t_365_owner = \"dhvillas\";\n\t\t_365_owner_token = \"cdfebc8146c17863c7132b890947f090b617bf3a\";\n\t\t_365_language = \"de\";\n\n\t\t_365_redirect_url = \"\";\n\n\t\t_365_brand = \"0\";\n\n\t\t\t\t\n\t\t\n\t\t\n\t\t\t\t\t_365_custom_style = '1';\n\t\t\n\t\t\n\t\t\t\t\t_365_show_star_discount = 1;\n\t\t\n\t\t\n\t\t_365_domain = 'https:\/\/dhvillas.com';\n\t\t\n\t\tfunction _Villas365BookingCookieRead(name)\n\t\t{\n\t\t\tvar nameEquals = name + \"=\";\n\t\t\tvar cookiesArray = document.cookie.split(';');\n\n\t\t\tfor (var i = 0; i < cookiesArray.length; i++)\n\t\t\t{\n\t\t\t\tvar cookie = cookiesArray[i];\n\t\t\t\t\n\t\t\t\twhile (cookie.charAt(0) == ' ')\n\t\t\t\t{\n\t\t\t\t\tcookie = cookie.substring(1, cookie.length);\n\t\t\t\t}\n\n\t\t\t\tif (cookie.indexOf(nameEquals) == 0)\n\t\t\t\t{\n\t\t\t\t\treturn cookie.substring(nameEquals.length, cookie.length);\n\t\t\t\t}\n\t\t\t}\n\n\t\t\treturn null;\n\t\t}\n\n\t\tvar villas365VRMemberID = _Villas365BookingCookieRead(\"villas365VRMemberID\");\n\t\tif(villas365VRMemberID != null)\n\t\t{\n\t\t\t_365_vr_member_id = _Villas365BookingCookieRead(\"villas365VRMemberID\");\n\t\t}\n\t<\/script>\n\t<script src=\"https:\/\/secure.guestwisely.io\/widget\/bcalendar-more.js\"><\/script>\n<\/div>[\/et_pb_code][\/et_pb_column][\/et_pb_row][\/et_pb_section]<\/p>\n","protected":false},"excerpt":{"rendered":"<p><div class=\"container\">\n\t<div class=\"row\">\n\t\t<div class=\"col-12\">\n\t\t\t<p>\n\t\t\t\t<a class=\"btn btn-primary _villas-365-property-button\" href=\"https:\/\/dhvillas.com\/villas\/\" role=\"button\">\n\t\t\t\t\t\t\t\t\t\t\tZur\u00fcck zu Suchseite\t\t\t\t\t\t\t\t\t<\/a>\n\t\t\t<\/p>\n\t\t<\/div>\n\t<\/div>\n<\/div>\n\n<div class=\"booking-container\">\n\t\t<script>\n\t\t_365_owner = \"dhvillas\";\n\t\t_365_owner_token = \"cdfebc8146c17863c7132b890947f090b617bf3a\";\n\t\t_365_language = \"de\";\n\n\t\t_365_redirect_url = \"\";\n\n\t\t_365_brand = \"0\";\n\n\t\t\t\t\n\t\t\n\t\t\n\t\t\t\t\t_365_custom_style = '1';\n\t\t\n\t\t\n\t\t\t\t\t_365_show_star_discount = 1;\n\t\t\n\t\t\n\t\t_365_domain = 'https:\/\/dhvillas.com';\n\t\t\n\t\tfunction _Villas365BookingCookieRead(name)\n\t\t{\n\t\t\tvar nameEquals = name + \"=\";\n\t\t\tvar cookiesArray = document.cookie.split(';');\n\n\t\t\tfor (var i = 0; i < cookiesArray.length; i++)\n\t\t\t{\n\t\t\t\tvar cookie = cookiesArray[i];\n\t\t\t\t\n\t\t\t\twhile (cookie.charAt(0) == ' ')\n\t\t\t\t{\n\t\t\t\t\tcookie = cookie.substring(1, cookie.length);\n\t\t\t\t}\n\n\t\t\t\tif (cookie.indexOf(nameEquals) == 0)\n\t\t\t\t{\n\t\t\t\t\treturn cookie.substring(nameEquals.length, cookie.length);\n\t\t\t\t}\n\t\t\t}\n\n\t\t\treturn null;\n\t\t}\n\n\t\tvar villas365VRMemberID = _Villas365BookingCookieRead(\"villas365VRMemberID\");\n\t\tif(villas365VRMemberID != null)\n\t\t{\n\t\t\t_365_vr_member_id = _Villas365BookingCookieRead(\"villas365VRMemberID\");\n\t\t}\n\t<\/script>\n\t<script src=\"https:\/\/secure.guestwisely.io\/widget\/bcalendar-more.js\"><\/script>\n<\/div><\/p>\n","protected":false},"author":1,"featured_media":0,"parent":0,"menu_order":11,"comment_status":"closed","ping_status":"closed","template":"","meta":{"_et_pb_use_builder":"on","_et_pb_old_content":"","_et_gb_content_width":"","inline_featured_image":false,"footnotes":""},"class_list":["post-6894","page","type-page","status-publish","hentry"],"yoast_head":"<!-- This site is optimized with the Yoast SEO Premium plugin v24.1 (Yoast SEO v26.6) - https:\/\/yoast.com\/wordpress\/plugins\/seo\/ -->\n<title>Jetzt Buchen - DH Villas<\/title>\n<meta name=\"robots\" content=\"index, follow, max-snippet:-1, max-image-preview:large, max-video-preview:-1\" \/>\n<link rel=\"canonical\" href=\"https:\/\/dhvillas.com\/de\/jetzt-buchen\/\" \/>\n<meta property=\"og:locale\" content=\"de_DE\" \/>\n<meta property=\"og:type\" content=\"article\" \/>\n<meta property=\"og:title\" content=\"Jetzt Buchen\" \/>\n<meta property=\"og:url\" content=\"https:\/\/dhvillas.com\/de\/jetzt-buchen\/\" \/>\n<meta property=\"og:site_name\" content=\"DH Villas\" \/>\n<meta property=\"article:modified_time\" content=\"2026-04-10T11:15:22+00:00\" \/>\n<meta name=\"twitter:card\" content=\"summary_large_image\" \/>\n<meta name=\"twitter:description\" content=\"[guestwisely-property-back][365-villas-booking style=&quot;1&quot; showdiscounts=&quot;true&quot;]\" \/>\n<meta name=\"twitter:label1\" content=\"Gesch\u00e4tzte Lesezeit\" \/>\n\t<meta name=\"twitter:data1\" content=\"1\u00a0Minute\" \/>\n<script type=\"application\/ld+json\" class=\"yoast-schema-graph\">{\"@context\":\"https:\/\/schema.org\",\"@graph\":[{\"@type\":\"WebPage\",\"@id\":\"https:\/\/dhvillas.com\/de\/jetzt-buchen\/\",\"url\":\"https:\/\/dhvillas.com\/de\/jetzt-buchen\/\",\"name\":\"Jetzt Buchen - DH Villas\",\"isPartOf\":{\"@id\":\"https:\/\/dhvillas.com\/de\/#website\"},\"datePublished\":\"2022-09-26T15:43:16+00:00\",\"dateModified\":\"2026-04-10T11:15:22+00:00\",\"breadcrumb\":{\"@id\":\"https:\/\/dhvillas.com\/de\/jetzt-buchen\/#breadcrumb\"},\"inLanguage\":\"de\",\"potentialAction\":[{\"@type\":\"ReadAction\",\"target\":[\"https:\/\/dhvillas.com\/de\/jetzt-buchen\/\"]}]},{\"@type\":\"BreadcrumbList\",\"@id\":\"https:\/\/dhvillas.com\/de\/jetzt-buchen\/#breadcrumb\",\"itemListElement\":[{\"@type\":\"ListItem\",\"position\":1,\"name\":\"Home\",\"item\":\"https:\/\/dhvillas.com\/de\/\"},{\"@type\":\"ListItem\",\"position\":2,\"name\":\"Jetzt Buchen\"}]},{\"@type\":\"WebSite\",\"@id\":\"https:\/\/dhvillas.com\/de\/#website\",\"url\":\"https:\/\/dhvillas.com\/de\/\",\"name\":\"Riviera Theme\",\"description\":\"Rent Your Exclusive Holiday Villa in Italy\",\"potentialAction\":[{\"@type\":\"SearchAction\",\"target\":{\"@type\":\"EntryPoint\",\"urlTemplate\":\"https:\/\/dhvillas.com\/de\/?s={search_term_string}\"},\"query-input\":{\"@type\":\"PropertyValueSpecification\",\"valueRequired\":true,\"valueName\":\"search_term_string\"}}],\"inLanguage\":\"de\"}]}<\/script>\n<!-- \/ Yoast SEO Premium plugin. -->","yoast_head_json":{"title":"Jetzt Buchen - DH Villas","robots":{"index":"index","follow":"follow","max-snippet":"max-snippet:-1","max-image-preview":"max-image-preview:large","max-video-preview":"max-video-preview:-1"},"canonical":"https:\/\/dhvillas.com\/de\/jetzt-buchen\/","og_locale":"de_DE","og_type":"article","og_title":"Jetzt Buchen","og_url":"https:\/\/dhvillas.com\/de\/jetzt-buchen\/","og_site_name":"DH Villas","article_modified_time":"2026-04-10T11:15:22+00:00","twitter_card":"summary_large_image","twitter_description":"[guestwisely-property-back][365-villas-booking style=\"1\" showdiscounts=\"true\"]","twitter_misc":{"Gesch\u00e4tzte Lesezeit":"1\u00a0Minute"},"schema":{"@context":"https:\/\/schema.org","@graph":[{"@type":"WebPage","@id":"https:\/\/dhvillas.com\/de\/jetzt-buchen\/","url":"https:\/\/dhvillas.com\/de\/jetzt-buchen\/","name":"Jetzt Buchen - DH Villas","isPartOf":{"@id":"https:\/\/dhvillas.com\/de\/#website"},"datePublished":"2022-09-26T15:43:16+00:00","dateModified":"2026-04-10T11:15:22+00:00","breadcrumb":{"@id":"https:\/\/dhvillas.com\/de\/jetzt-buchen\/#breadcrumb"},"inLanguage":"de","potentialAction":[{"@type":"ReadAction","target":["https:\/\/dhvillas.com\/de\/jetzt-buchen\/"]}]},{"@type":"BreadcrumbList","@id":"https:\/\/dhvillas.com\/de\/jetzt-buchen\/#breadcrumb","itemListElement":[{"@type":"ListItem","position":1,"name":"Home","item":"https:\/\/dhvillas.com\/de\/"},{"@type":"ListItem","position":2,"name":"Jetzt Buchen"}]},{"@type":"WebSite","@id":"https:\/\/dhvillas.com\/de\/#website","url":"https:\/\/dhvillas.com\/de\/","name":"Riviera Theme","description":"Rent Your Exclusive Holiday Villa in Italy","potentialAction":[{"@type":"SearchAction","target":{"@type":"EntryPoint","urlTemplate":"https:\/\/dhvillas.com\/de\/?s={search_term_string}"},"query-input":{"@type":"PropertyValueSpecification","valueRequired":true,"valueName":"search_term_string"}}],"inLanguage":"de"}]}},"_links":{"self":[{"href":"https:\/\/dhvillas.com\/de\/wp-json\/wp\/v2\/pages\/6894","targetHints":{"allow":["GET"]}}],"collection":[{"href":"https:\/\/dhvillas.com\/de\/wp-json\/wp\/v2\/pages"}],"about":[{"href":"https:\/\/dhvillas.com\/de\/wp-json\/wp\/v2\/types\/page"}],"author":[{"embeddable":true,"href":"https:\/\/dhvillas.com\/de\/wp-json\/wp\/v2\/users\/1"}],"replies":[{"embeddable":true,"href":"https:\/\/dhvillas.com\/de\/wp-json\/wp\/v2\/comments?post=6894"}],"version-history":[{"count":10,"href":"https:\/\/dhvillas.com\/de\/wp-json\/wp\/v2\/pages\/6894\/revisions"}],"predecessor-version":[{"id":8594,"href":"https:\/\/dhvillas.com\/de\/wp-json\/wp\/v2\/pages\/6894\/revisions\/8594"}],"wp:attachment":[{"href":"https:\/\/dhvillas.com\/de\/wp-json\/wp\/v2\/media?parent=6894"}],"curies":[{"name":"wp","href":"https:\/\/api.w.org\/{rel}","templated":true}]}}